{"id":3,"date":"2024-06-14T10:19:46","date_gmt":"2024-06-14T10:19:46","guid":{"rendered":"https:\/\/oberbaum.eu\/?page_id=3"},"modified":"2024-06-28T09:56:17","modified_gmt":"2024-06-28T09:56:17","slug":"datenschutz","status":"publish","type":"page","link":"https:\/\/oberbaum.eu\/en\/datenschutz\/","title":{"rendered":"Privacy Policy"},"content":{"rendered":"<div data-elementor-type=\"wp-page\" data-elementor-id=\"3\" class=\"elementor elementor-3\">\n\t\t\t\t<div class=\"elementor-element elementor-element-5f7eb7e e-flex e-con-boxed e-con e-parent\" data-id=\"5f7eb7e\" data-element_type=\"container\" data-e-type=\"container\">\n\t\t\t\t\t<div class=\"e-con-inner\">\n\t\t\t\t<div class=\"elementor-element elementor-element-3d51dd6 elementor-widget elementor-widget-heading\" data-id=\"3d51dd6\" data-element_type=\"widget\" data-e-type=\"widget\" data-widget_type=\"heading.default\">\n\t\t\t\t<div class=\"elementor-widget-container\">\n\t\t\t\t\t<h1 class=\"elementor-heading-title elementor-size-default\">Privacy Policy<\/h1>\t\t\t\t<\/div>\n\t\t\t\t<\/div>\n\t\t\t\t<div class=\"elementor-element elementor-element-b857097 elementor-widget elementor-widget-text-editor\" data-id=\"b857097\" data-element_type=\"widget\" data-e-type=\"widget\" data-widget_type=\"text-editor.default\">\n\t\t\t\t<div class=\"elementor-widget-container\">\n\t\t\t\t\t\t\t\t\t<p>Last updated on 25-Jun-2024<br \/>Effective date 25-Jun-2024<\/p>\n<p>This Privacy Policy describes the policies of Oberbaum UG (haftungsbeschr\u00e4nkt), Hauptstra\u00dfe 61, Baden-W\u00fcrttemberg 73054 Eislingen, Germany, email: info@brand-league.com, phone: +4915202890336 regarding the collection, use and disclosure of your information that we collect when you use our website ( oberbaum.eu ). (the \"Service\"). By accessing or using the Service, you consent to the collection, use and disclosure of your information in accordance with this Privacy Policy. If you do not agree to this, please do not use the Service.<br \/>We may amend this Privacy Policy at any time without prior notice to you and will post the revised Privacy Policy on the Service. The revised policy will be effective 180 days after the revised policy is posted on the Service, and your continued access or use of the Service after that time constitutes your acceptance of the revised Privacy Policy. We therefore recommend that you check this page regularly.<\/p>\n<p>How we use your information:<br \/>We use the information we collect about you for the following purposes:<\/p>\n<p>Marketing\/Advertising<br \/>Website protection<br \/>If we wish to use your data for other purposes, we will ask for your consent and will only use your data after obtaining your consent and then only for the purpose(s) for which you have given your consent, unless we are required to do otherwise by law.<\/p>\n<p>How we share your information:<br \/>We will not share your personal data with third parties without obtaining your consent, except in the limited circumstances described below:<\/p>\n<p>Analytics<br \/>We require these third parties to use the personal data we provide to them only for the purpose for which it was provided and to retain it for no longer than is necessary to fulfill that purpose.<br \/>Wir k\u00f6nnen Ihre personenbezogenen Daten auch aus den folgenden Gr\u00fcnden weitergeben: (1) zur Einhaltung geltender Gesetze, Vorschriften, gerichtlicher Anordnungen oder anderer rechtlicher Verfahren; (2) zur Durchsetzung Ihrer Vereinbarungen mit uns, einschlie\u00dflich dieser Datenschutzrichtlinie; oder (3) um auf Behauptungen zu reagieren, dass Ihre Nutzung des Dienstes die Rechte Dritter verletzt. Wenn der Dienst oder unser Unternehmen mit einem anderen Unternehmen fusioniert oder \u00fcbernommen wird, geh\u00f6ren Ihre Daten zu den Verm\u00f6genswerten, die auf den neuen Eigent\u00fcmer \u00fcbertragen werden.<\/p>\n<p>Your Rights:<br \/>Depending on applicable law, you have the right to access and rectify or erase your personal data or obtain a copy of your personal data, restrict or object to the active processing of your data, ask us to transfer (port) your personal data to another entity, withdraw the consent given to us to process your data, the right to lodge a complaint with a legal authority, as well as other rights that may be relevant under applicable law. To exercise these rights, you can contact us in writing at info@brand-league.com. We will respond to your request in accordance with applicable law.<\/p>\n<p>Please note that you may not be able to access or use the services for which your data has been requested if you do not allow us to collect or process the required personal data or if you withdraw your consent to the processing of such data for the required purposes.<\/p>\n<p>Cookies<br \/>If you would like to find out more about how we use them and what options you have in relation to these tracking technologies, please read our Cookie Policy.<\/p>\n<p>Security:<br \/>The security of your information is important to us and we will take reasonable security measures to prevent the loss, misuse or unauthorized alteration of your information under our control. However, given the inherent risks, we cannot guarantee absolute security. Consequently, we cannot ensure or warrant the security of any information you transmit to us, and you do so at your own risk.<\/p>\n<p>Complaint\/Data Protection Officer:<br \/>If you have any questions or concerns regarding the processing of your data held by us, you can contact our complaints manager at Oberbaum UG (haftungsbeschr\u00e4nkt), Hauptstra\u00dfe 61, e-mail: info@brand-league.com. We will process your request in accordance with applicable law.<\/p>\n<p>Privacy policy generated with CookieYes.<\/p>\t\t\t\t\t\t\t\t<\/div>\n\t\t\t\t<\/div>\n\t\t\t\t<div class=\"elementor-element elementor-element-7535c87 elementor-widget elementor-widget-text-editor\" data-id=\"7535c87\" data-element_type=\"widget\" data-e-type=\"widget\" data-widget_type=\"text-editor.default\">\n\t\t\t\t<div class=\"elementor-widget-container\">\n\t\t\t\t\t\t\t\t\t<p><\/p>\n<div>\n<h2 class=\"wp-block-heading\">Cookie Policy<\/h2>\n<p>Effective date 25-Jun-2024 <br \/>Last updated on 25-Jun-2024<\/p>\n<p><strong>What are Cookies?<\/strong><\/p>\n<p>This Cookie Policy explains what cookies are and how we use them, what types of cookies we use, what information we collect using cookies and how that information is used, and how you can manage cookie settings.<\/p>\n<p><br \/>Cookies are small text files that are used to store small pieces of information. They are stored on your device when the website is loaded via your browser. These cookies help us make the website work properly, make it more secure, improve usability and understand how the website works in order to analyze what works and where it needs improvement.<\/p>\n<p class=\"translation-block\"><br><strong>How do we use Cookies?<\/strong> Like most online services, our website uses first-party and third-party cookies for various purposes. Cookies von Erstanbietern sind in den meisten F\u00e4llen notwendig, damit die Website richtig funktioniert, und sie erfassen keine personenbezogenen Daten von Ihnen.<\/p>\n<p><strong>Types of cookies that we use<\/strong><\/p>\n<\/div>\n<p><\/p>\t\t\t\t\t\t\t\t<\/div>\n\t\t\t\t<\/div>\n\t\t\t\t<div class=\"elementor-element elementor-element-9112da3 elementor-widget elementor-widget-html\" data-id=\"9112da3\" data-element_type=\"widget\" data-e-type=\"widget\" data-widget_type=\"html.default\">\n\t\t\t\t<div class=\"elementor-widget-container\">\n\t\t\t\t\t<style>\n    a.cky-banner-element {\n        padding: 8px 30px;\n        background: #F8F9FA;\n        color: #858A8F;\n        border: 1px solid #DEE2E6;\n        box-sizing: border-box;\n        border-radius: 2px;\n        cursor: pointer;\n}\n<\/style>\n    <h5 style=\"margin-bottom:20px;color:white;\">Manage cookie settings<\/h5>\n\n    <a class=\"cky-banner-element\">Cookie Settings<\/a> <br\/>\t\t\t\t<\/div>\n\t\t\t\t<\/div>\n\t\t\t\t<div class=\"elementor-element elementor-element-bb0cc1b elementor-widget elementor-widget-text-editor\" data-id=\"bb0cc1b\" data-element_type=\"widget\" data-e-type=\"widget\" data-widget_type=\"text-editor.default\">\n\t\t\t\t<div class=\"elementor-widget-container\">\n\t\t\t\t\t\t\t\t\t<p><\/p>\n<div>\n<p>You can change your cookie preferences at any time by clicking on the button above. In this way, you can call up the cookie consent banner again and change your settings or revoke your consent immediately.<\/p>\n<p><br \/>In addition, different browsers offer different methods for blocking and deleting cookies used by websites. You can change your browser settings to block\/delete cookies. Below you will find links to the support documents of the most important web browsers, which describe how you can manage and delete cookies.<\/p>\n<p><br \/>Chrome: https:\/\/support.google.com\/accounts\/answer\/32050<br \/>Safari: https:\/\/support.apple.com\/en-in\/guide\/safari\/sfri11471\/mac<br \/>Firefox: https:\/\/support.mozilla.org\/en-US\/kb\/clear-cookies-and-site-data-firefox?redirectslug=delete-cookies-remove-info-websites-stored&amp;redirectlocale=en-US<br \/>Internet Explorer: https:\/\/support.microsoft.com\/en-us\/topic\/how-to-delete-cookie-files-in-internet-explorer-bca9446f-d873-78de-77ba-d42645fa52fc<\/p>\n<p><br \/>If you are using a different web browser, please visit the official support documents for your browser.<\/p>\n<p><br \/>Wenn Sie einen anderen Webbrowser verwenden, lesen Sie bitte die offiziellen Support-Dokumente f\u00fcr Ihren Browser.<\/p>\n<\/div>\n<p><\/p>\t\t\t\t\t\t\t\t<\/div>\n\t\t\t\t<\/div>\n\t\t\t\t\t<\/div>\n\t\t\t\t<\/div>\n\t\t\t\t<\/div>","protected":false},"excerpt":{"rendered":"<p>Datenschutz Zuletzt aktualisiert am 25-Jun-2024Datum des Inkrafttretens 25-Jun-2024 Diese Datenschutzrichtlinie beschreibt die Richtlinien der Oberbaum UG (haftungsbeschr\u00e4nkt), Hauptstra\u00dfe 61, Baden-W\u00fcrttemberg 73054 Eislingen, Deutschland, E-Mail: info@brand-league.com, Telefon: +4915202890336 \u00fcber die Erfassung, Verwendung und Weitergabe Ihrer Daten, die wir bei der Nutzung unserer Website ( oberbaum.eu ) erfassen. (der &#8222;Dienst&#8220;). Indem Sie auf den Service zugreifen oder [&hellip;]<\/p>\n","protected":false},"author":1,"featured_media":0,"parent":0,"menu_order":0,"comment_status":"closed","ping_status":"open","template":"","meta":{"footnotes":""},"class_list":["post-3","page","type-page","status-publish","hentry"],"yoast_head":"<!-- This site is optimized with the Yoast SEO plugin v27.5 - https:\/\/yoast.com\/product\/yoast-seo-wordpress\/ -->\n<title>Datenschutz - Oberbaum Bier<\/title>\n<meta name=\"description\" content=\"Erfahren Sie, wie Oberbaum Bier Ihre Daten sch\u00fctzt. Lesen Sie unsere Datenschutzrichtlinien und erfahren Sie, wie wir Ihre Privatsph\u00e4re wahren. German&#039;s Favorite ist auch in Sachen Datenschutz f\u00fchrend.\" \/>\n<meta name=\"robots\" content=\"index, follow, max-snippet:-1, max-image-preview:large, max-video-preview:-1\" \/>\n<link rel=\"canonical\" href=\"https:\/\/oberbaum.eu\/en\/datenschutz\/\" \/>\n<meta property=\"og:locale\" content=\"en_GB\" \/>\n<meta property=\"og:type\" content=\"article\" \/>\n<meta property=\"og:title\" content=\"Datenschutz - Oberbaum Bier\" \/>\n<meta property=\"og:description\" content=\"Erfahren Sie, wie Oberbaum Bier Ihre Daten sch\u00fctzt. Lesen Sie unsere Datenschutzrichtlinien und erfahren Sie, wie wir Ihre Privatsph\u00e4re wahren. German&#039;s Favorite ist auch in Sachen Datenschutz f\u00fchrend.\" \/>\n<meta property=\"og:url\" content=\"https:\/\/oberbaum.eu\/en\/datenschutz\/\" \/>\n<meta property=\"og:site_name\" content=\"Oberbaum\" \/>\n<meta property=\"article:modified_time\" content=\"2024-06-28T09:56:17+00:00\" \/>\n<meta property=\"og:image\" content=\"https:\/\/oberbaum.eu\/wp-content\/uploads\/2024\/06\/oberbaum-logo.webp\" \/>\n\t<meta property=\"og:image:width\" content=\"751\" \/>\n\t<meta property=\"og:image:height\" content=\"240\" \/>\n\t<meta property=\"og:image:type\" content=\"image\/webp\" \/>\n<meta name=\"twitter:card\" content=\"summary_large_image\" \/>\n<meta name=\"twitter:label1\" content=\"Estimated reading time\" \/>\n\t<meta name=\"twitter:data1\" content=\"5 minutes\" \/>\n<script type=\"application\/ld+json\" class=\"yoast-schema-graph\">{\"@context\":\"https:\\\/\\\/schema.org\",\"@graph\":[{\"@type\":\"WebPage\",\"@id\":\"https:\\\/\\\/oberbaum.eu\\\/datenschutz\\\/\",\"url\":\"https:\\\/\\\/oberbaum.eu\\\/datenschutz\\\/\",\"name\":\"Datenschutz - Oberbaum Bier\",\"isPartOf\":{\"@id\":\"https:\\\/\\\/oberbaum.eu\\\/#website\"},\"datePublished\":\"2024-06-14T10:19:46+00:00\",\"dateModified\":\"2024-06-28T09:56:17+00:00\",\"description\":\"Erfahren Sie, wie Oberbaum Bier Ihre Daten sch\u00fctzt. Lesen Sie unsere Datenschutzrichtlinien und erfahren Sie, wie wir Ihre Privatsph\u00e4re wahren. German's Favorite ist auch in Sachen Datenschutz f\u00fchrend.\",\"breadcrumb\":{\"@id\":\"https:\\\/\\\/oberbaum.eu\\\/datenschutz\\\/#breadcrumb\"},\"inLanguage\":\"en-GB\",\"potentialAction\":[{\"@type\":\"ReadAction\",\"target\":[\"https:\\\/\\\/oberbaum.eu\\\/datenschutz\\\/\"]}]},{\"@type\":\"BreadcrumbList\",\"@id\":\"https:\\\/\\\/oberbaum.eu\\\/datenschutz\\\/#breadcrumb\",\"itemListElement\":[{\"@type\":\"ListItem\",\"position\":1,\"name\":\"Home\",\"item\":\"https:\\\/\\\/oberbaum.eu\\\/\"},{\"@type\":\"ListItem\",\"position\":2,\"name\":\"Datenschutz\"}]},{\"@type\":\"WebSite\",\"@id\":\"https:\\\/\\\/oberbaum.eu\\\/#website\",\"url\":\"https:\\\/\\\/oberbaum.eu\\\/\",\"name\":\"Oberbaum\",\"description\":\"German's Favourite\",\"publisher\":{\"@id\":\"https:\\\/\\\/oberbaum.eu\\\/#organization\"},\"potentialAction\":[{\"@type\":\"SearchAction\",\"target\":{\"@type\":\"EntryPoint\",\"urlTemplate\":\"https:\\\/\\\/oberbaum.eu\\\/?s={search_term_string}\"},\"query-input\":{\"@type\":\"PropertyValueSpecification\",\"valueRequired\":true,\"valueName\":\"search_term_string\"}}],\"inLanguage\":\"en-GB\"},{\"@type\":\"Organization\",\"@id\":\"https:\\\/\\\/oberbaum.eu\\\/#organization\",\"name\":\"Oberbaum\",\"url\":\"https:\\\/\\\/oberbaum.eu\\\/\",\"logo\":{\"@type\":\"ImageObject\",\"inLanguage\":\"en-GB\",\"@id\":\"https:\\\/\\\/oberbaum.eu\\\/#\\\/schema\\\/logo\\\/image\\\/\",\"url\":\"https:\\\/\\\/oberbaum.eu\\\/wp-content\\\/uploads\\\/2024\\\/06\\\/oberbaum-logo.webp\",\"contentUrl\":\"https:\\\/\\\/oberbaum.eu\\\/wp-content\\\/uploads\\\/2024\\\/06\\\/oberbaum-logo.webp\",\"width\":751,\"height\":240,\"caption\":\"Oberbaum\"},\"image\":{\"@id\":\"https:\\\/\\\/oberbaum.eu\\\/#\\\/schema\\\/logo\\\/image\\\/\"}}]}<\/script>\n<!-- \/ Yoast SEO plugin. -->","yoast_head_json":{"title":"Datenschutz - Oberbaum Bier","description":"Erfahren Sie, wie Oberbaum Bier Ihre Daten sch\u00fctzt. Lesen Sie unsere Datenschutzrichtlinien und erfahren Sie, wie wir Ihre Privatsph\u00e4re wahren. German's Favorite ist auch in Sachen Datenschutz f\u00fchrend.","robots":{"index":"index","follow":"follow","max-snippet":"max-snippet:-1","max-image-preview":"max-image-preview:large","max-video-preview":"max-video-preview:-1"},"canonical":"https:\/\/oberbaum.eu\/en\/datenschutz\/","og_locale":"en_GB","og_type":"article","og_title":"Datenschutz - Oberbaum Bier","og_description":"Erfahren Sie, wie Oberbaum Bier Ihre Daten sch\u00fctzt. Lesen Sie unsere Datenschutzrichtlinien und erfahren Sie, wie wir Ihre Privatsph\u00e4re wahren. German's Favorite ist auch in Sachen Datenschutz f\u00fchrend.","og_url":"https:\/\/oberbaum.eu\/en\/datenschutz\/","og_site_name":"Oberbaum","article_modified_time":"2024-06-28T09:56:17+00:00","og_image":[{"width":751,"height":240,"url":"https:\/\/oberbaum.eu\/wp-content\/uploads\/2024\/06\/oberbaum-logo.webp","type":"image\/webp"}],"twitter_card":"summary_large_image","twitter_misc":{"Estimated reading time":"5 minutes"},"schema":{"@context":"https:\/\/schema.org","@graph":[{"@type":"WebPage","@id":"https:\/\/oberbaum.eu\/datenschutz\/","url":"https:\/\/oberbaum.eu\/datenschutz\/","name":"Datenschutz - Oberbaum Bier","isPartOf":{"@id":"https:\/\/oberbaum.eu\/#website"},"datePublished":"2024-06-14T10:19:46+00:00","dateModified":"2024-06-28T09:56:17+00:00","description":"Erfahren Sie, wie Oberbaum Bier Ihre Daten sch\u00fctzt. Lesen Sie unsere Datenschutzrichtlinien und erfahren Sie, wie wir Ihre Privatsph\u00e4re wahren. German's Favorite ist auch in Sachen Datenschutz f\u00fchrend.","breadcrumb":{"@id":"https:\/\/oberbaum.eu\/datenschutz\/#breadcrumb"},"inLanguage":"en-GB","potentialAction":[{"@type":"ReadAction","target":["https:\/\/oberbaum.eu\/datenschutz\/"]}]},{"@type":"BreadcrumbList","@id":"https:\/\/oberbaum.eu\/datenschutz\/#breadcrumb","itemListElement":[{"@type":"ListItem","position":1,"name":"Home","item":"https:\/\/oberbaum.eu\/"},{"@type":"ListItem","position":2,"name":"Datenschutz"}]},{"@type":"WebSite","@id":"https:\/\/oberbaum.eu\/#website","url":"https:\/\/oberbaum.eu\/","name":"Oberbaum","description":"German's Favourite","publisher":{"@id":"https:\/\/oberbaum.eu\/#organization"},"potentialAction":[{"@type":"SearchAction","target":{"@type":"EntryPoint","urlTemplate":"https:\/\/oberbaum.eu\/?s={search_term_string}"},"query-input":{"@type":"PropertyValueSpecification","valueRequired":true,"valueName":"search_term_string"}}],"inLanguage":"en-GB"},{"@type":"Organization","@id":"https:\/\/oberbaum.eu\/#organization","name":"Oberbaum","url":"https:\/\/oberbaum.eu\/","logo":{"@type":"ImageObject","inLanguage":"en-GB","@id":"https:\/\/oberbaum.eu\/#\/schema\/logo\/image\/","url":"https:\/\/oberbaum.eu\/wp-content\/uploads\/2024\/06\/oberbaum-logo.webp","contentUrl":"https:\/\/oberbaum.eu\/wp-content\/uploads\/2024\/06\/oberbaum-logo.webp","width":751,"height":240,"caption":"Oberbaum"},"image":{"@id":"https:\/\/oberbaum.eu\/#\/schema\/logo\/image\/"}}]}},"_links":{"self":[{"href":"https:\/\/oberbaum.eu\/en\/wp-json\/wp\/v2\/pages\/3","targetHints":{"allow":["GET"]}}],"collection":[{"href":"https:\/\/oberbaum.eu\/en\/wp-json\/wp\/v2\/pages"}],"about":[{"href":"https:\/\/oberbaum.eu\/en\/wp-json\/wp\/v2\/types\/page"}],"author":[{"embeddable":true,"href":"https:\/\/oberbaum.eu\/en\/wp-json\/wp\/v2\/users\/1"}],"replies":[{"embeddable":true,"href":"https:\/\/oberbaum.eu\/en\/wp-json\/wp\/v2\/comments?post=3"}],"version-history":[{"count":23,"href":"https:\/\/oberbaum.eu\/en\/wp-json\/wp\/v2\/pages\/3\/revisions"}],"predecessor-version":[{"id":491,"href":"https:\/\/oberbaum.eu\/en\/wp-json\/wp\/v2\/pages\/3\/revisions\/491"}],"wp:attachment":[{"href":"https:\/\/oberbaum.eu\/en\/wp-json\/wp\/v2\/media?parent=3"}],"curies":[{"name":"wp","href":"https:\/\/api.w.org\/{rel}","templated":true}]}}